{"id":2309,"date":"2026-01-23T11:30:03","date_gmt":"2026-01-23T10:30:03","guid":{"rendered":"https:\/\/nomadislegal.es\/terminos-y-condiciones-7\/"},"modified":"2026-01-27T16:05:42","modified_gmt":"2026-01-27T15:05:42","slug":"terminos-y-condiciones-7","status":"publish","type":"page","link":"https:\/\/nomadislegal.es\/en\/terminos-y-condiciones-7\/","title":{"rendered":"Terms and Conditions"},"content":{"rendered":"<div data-elementor-type=\"wp-page\" data-elementor-id=\"2309\" class=\"elementor elementor-2309\">\n\t\t\t\t<div class=\"elementor-element elementor-element-22b1552b e-flex e-con-boxed wpr-particle-no wpr-jarallax-no wpr-parallax-no wpr-sticky-section-no e-con e-parent\" data-id=\"22b1552b\" data-element_type=\"container\" data-e-type=\"container\" data-settings=\"{&quot;jet_parallax_layout_list&quot;:[]}\">\n\t\t\t\t\t<div class=\"e-con-inner\">\n\t\t\t\t<div class=\"elementor-element elementor-element-71aed2d9 elementor-widget elementor-widget-text-editor\" data-id=\"71aed2d9\" data-element_type=\"widget\" data-e-type=\"widget\" data-widget_type=\"text-editor.default\">\n\t\t\t\t\t\t\t\t\t<h1 data-start=\"2078\" data-end=\"2197\">&nbsp;<\/h1>\n<h1 data-start=\"2078\" data-end=\"2197\">Terms and Conditions<\/h1>\n<p data-start=\"2078\" data-end=\"2197\">\n<\/p><p data-start=\"2078\" data-end=\"2197\">\n<\/p><p data-start=\"2078\" data-end=\"2197\"><strong data-start=\"2078\" data-end=\"2112\">Bienvenido a Nomadis Legal SLP<\/strong>. Al usar&nbsp;https:\/\/nomadislegal.es\/&nbsp;acepta los siguientes t\u00e9rminos:<\/p>\n<p data-start=\"2199\" data-end=\"2223\"><strong data-start=\"2203\" data-end=\"2223\">1. Uso del sitio<\/strong><\/p>\n<ul data-start=\"2224\" data-end=\"2427\">\n<li data-start=\"2224\" data-end=\"2317\">\n<p data-start=\"2226\" data-end=\"2317\">El contenido del sitio es solo para informaci\u00f3n general sobre nuestros servicios legales.<\/p>\n<\/li>\n<li data-start=\"2318\" data-end=\"2427\">\n<p data-start=\"2320\" data-end=\"2427\">Queda prohibida la reproducci\u00f3n, distribuci\u00f3n o uso del contenido con fines comerciales sin autorizaci\u00f3n.<\/p>\n<\/li>\n<\/ul>\n<p data-start=\"2429\" data-end=\"2455\"><strong data-start=\"2433\" data-end=\"2455\">2. Responsabilidad<\/strong><\/p>\n<ul data-start=\"2456\" data-end=\"2648\">\n<li data-start=\"2456\" data-end=\"2559\">\n<p data-start=\"2458\" data-end=\"2559\">Nomadis Legal SLP no se responsabiliza por da\u00f1os directos o indirectos derivados del uso del sitio.<\/p>\n<\/li>\n<li data-start=\"2560\" data-end=\"2648\">\n<p data-start=\"2562\" data-end=\"2648\">La informaci\u00f3n publicada no sustituye asesoramiento legal profesional personalizado.<\/p>\n<\/li>\n<\/ul>\n<p data-start=\"2650\" data-end=\"2679\"><strong data-start=\"2654\" data-end=\"2679\">3. Enlaces a terceros<\/strong><\/p>\n<ul data-start=\"2680\" data-end=\"2842\">\n<li data-start=\"2680\" data-end=\"2842\">\n<p data-start=\"2682\" data-end=\"2842\">Nuestro sitio puede contener enlaces a otros sitios web. Nomadis Legal SLP no es responsable de la pol\u00edtica de privacidad ni del contenido de sitios externos.<\/p>\n<\/li>\n<\/ul>\n<p data-start=\"2844\" data-end=\"2876\"><strong data-start=\"2848\" data-end=\"2876\">4. Propiedad intelectual<\/strong><\/p>\n<ul data-start=\"2877\" data-end=\"2999\">\n<li data-start=\"2877\" data-end=\"2999\">\n<p data-start=\"2879\" data-end=\"2999\">Todo el contenido, im\u00e1genes, textos, logotipos y marcas son propiedad de Nomadis Legal SLP o de terceros con licencia.<\/p>\n<\/li>\n<\/ul>\n<p data-start=\"3001\" data-end=\"3026\"><strong data-start=\"3005\" data-end=\"3026\">5. Modificaciones<\/strong><\/p>\n<ul data-start=\"3027\" data-end=\"3163\">\n<li data-start=\"3027\" data-end=\"3163\">\n<p data-start=\"3029\" data-end=\"3163\">Podemos actualizar estos t\u00e9rminos en cualquier momento. Los cambios se publicar\u00e1n en esta p\u00e1gina y entrar\u00e1n en vigor inmediatamente.<\/p>\n<\/li>\n<\/ul>\n<p data-start=\"3165\" data-end=\"3197\"><strong data-start=\"3169\" data-end=\"3197\">6. Legislaci\u00f3n aplicable<\/strong><\/p>\n<ul data-start=\"3198\" data-end=\"3325\">\n<li data-start=\"3198\" data-end=\"3325\">\n<p data-start=\"3200\" data-end=\"3325\">Estos t\u00e9rminos se rigen por la legislaci\u00f3n espa\u00f1ola. Cualquier disputa ser\u00e1 sometida a los tribunales de Barcelona, Espa\u00f1a.<\/p>\n<\/li>\n<\/ul><div><br><\/div>\n<div><br><\/div>\n<div><br><\/div>\n<div><br><\/div>\t\t\t\t\t\t\t\t<\/div>\n\t\t\t\t\t<\/div>\n\t\t\t\t<\/div>\n\t\t\t\t<\/div>","protected":false},"excerpt":{"rendered":"<p>&nbsp; T\u00e9rminos y Condiciones Bienvenido a Nomadis Legal SLP. Al usar&nbsp;https:\/\/nomadislegal.es\/&nbsp;acepta los siguientes t\u00e9rminos: 1. Uso del sitio El contenido del sitio es solo para informaci\u00f3n general sobre nuestros servicios legales. Queda prohibida la reproducci\u00f3n, distribuci\u00f3n o uso del contenido con fines comerciales sin autorizaci\u00f3n. 2. Responsabilidad Nomadis Legal SLP no se responsabiliza por da\u00f1os directos o indirectos derivados del uso del sitio. La informaci\u00f3n publicada no sustituye asesoramiento legal profesional personalizado. 3. Enlaces a terceros Nuestro sitio puede contener enlaces a otros sitios web. Nomadis Legal SLP no es responsable de la pol\u00edtica de privacidad ni del contenido de sitios externos. 4. Propiedad intelectual Todo el contenido, im\u00e1genes, textos, logotipos y marcas son propiedad de Nomadis Legal SLP o de terceros con licencia. 5. Modificaciones Podemos actualizar estos t\u00e9rminos en cualquier momento. Los cambios se publicar\u00e1n en esta p\u00e1gina y entrar\u00e1n en vigor inmediatamente. 6. Legislaci\u00f3n aplicable Estos t\u00e9rminos se rigen por la legislaci\u00f3n espa\u00f1ola. Cualquier disputa ser\u00e1 sometida a los tribunales de Barcelona, Espa\u00f1a.<\/p>","protected":false},"author":2,"featured_media":0,"parent":0,"menu_order":0,"comment_status":"closed","ping_status":"closed","template":"","meta":{"footnotes":""},"class_list":["post-2309","page","type-page","status-publish","hentry"],"yoast_head":"<!-- This site is optimized with the Yoast SEO plugin v27.1.1 - https:\/\/yoast.com\/product\/yoast-seo-wordpress\/ -->\n<title>T\u00e9rminos y Condiciones - Nomadis<\/title>\n<meta name=\"robots\" content=\"index, follow, max-snippet:-1, max-image-preview:large, max-video-preview:-1\" \/>\n<link rel=\"canonical\" href=\"https:\/\/nomadislegal.es\/en\/terminos-y-condiciones-7\/\" \/>\n<meta property=\"og:locale\" content=\"en_GB\" \/>\n<meta property=\"og:type\" content=\"article\" \/>\n<meta property=\"og:title\" content=\"T\u00e9rminos y Condiciones - Nomadis\" \/>\n<meta property=\"og:description\" content=\"&nbsp; T\u00e9rminos y Condiciones Bienvenido a Nomadis Legal SLP. Al usar&nbsp;https:\/\/nomadislegal.es\/&nbsp;acepta los siguientes t\u00e9rminos: 1. Uso del sitio El contenido del sitio es solo para informaci\u00f3n general sobre nuestros servicios legales. Queda prohibida la reproducci\u00f3n, distribuci\u00f3n o uso del contenido con fines comerciales sin autorizaci\u00f3n. 2. Responsabilidad Nomadis Legal SLP no se responsabiliza por da\u00f1os directos o indirectos derivados del uso del sitio. La informaci\u00f3n publicada no sustituye asesoramiento legal profesional personalizado. 3. Enlaces a terceros Nuestro sitio puede contener enlaces a otros sitios web. Nomadis Legal SLP no es responsable de la pol\u00edtica de privacidad ni del contenido de sitios externos. 4. Propiedad intelectual Todo el contenido, im\u00e1genes, textos, logotipos y marcas son propiedad de Nomadis Legal SLP o de terceros con licencia. 5. Modificaciones Podemos actualizar estos t\u00e9rminos en cualquier momento. Los cambios se publicar\u00e1n en esta p\u00e1gina y entrar\u00e1n en vigor inmediatamente. 6. Legislaci\u00f3n aplicable Estos t\u00e9rminos se rigen por la legislaci\u00f3n espa\u00f1ola. Cualquier disputa ser\u00e1 sometida a los tribunales de Barcelona, Espa\u00f1a.\" \/>\n<meta property=\"og:url\" content=\"https:\/\/nomadislegal.es\/en\/terminos-y-condiciones-7\/\" \/>\n<meta property=\"og:site_name\" content=\"Nomadis\" \/>\n<meta property=\"article:modified_time\" content=\"2026-01-27T15:05:42+00:00\" \/>\n<meta name=\"twitter:card\" content=\"summary_large_image\" \/>\n<meta name=\"twitter:label1\" content=\"Estimated reading time\" \/>\n\t<meta name=\"twitter:data1\" content=\"1 minute\" \/>\n<script type=\"application\/ld+json\" class=\"yoast-schema-graph\">{\"@context\":\"https:\/\/schema.org\",\"@graph\":[{\"@type\":\"WebPage\",\"@id\":\"https:\/\/nomadislegal.es\/terminos-y-condiciones-7\/\",\"url\":\"https:\/\/nomadislegal.es\/terminos-y-condiciones-7\/\",\"name\":\"T\u00e9rminos y Condiciones - Nomadis\",\"isPartOf\":{\"@id\":\"https:\/\/nomadislegal.es\/#website\"},\"datePublished\":\"2026-01-23T10:30:03+00:00\",\"dateModified\":\"2026-01-27T15:05:42+00:00\",\"breadcrumb\":{\"@id\":\"https:\/\/nomadislegal.es\/terminos-y-condiciones-7\/#breadcrumb\"},\"inLanguage\":\"en-GB\",\"potentialAction\":[{\"@type\":\"ReadAction\",\"target\":[\"https:\/\/nomadislegal.es\/terminos-y-condiciones-7\/\"]}]},{\"@type\":\"BreadcrumbList\",\"@id\":\"https:\/\/nomadislegal.es\/terminos-y-condiciones-7\/#breadcrumb\",\"itemListElement\":[{\"@type\":\"ListItem\",\"position\":1,\"name\":\"Portada\",\"item\":\"https:\/\/nomadislegal.es\/\"},{\"@type\":\"ListItem\",\"position\":2,\"name\":\"T\u00e9rminos y Condiciones\"}]},{\"@type\":\"WebSite\",\"@id\":\"https:\/\/nomadislegal.es\/#website\",\"url\":\"https:\/\/nomadislegal.es\/\",\"name\":\"Nomadis\",\"description\":\"\",\"publisher\":{\"@id\":\"https:\/\/nomadislegal.es\/#organization\"},\"potentialAction\":[{\"@type\":\"SearchAction\",\"target\":{\"@type\":\"EntryPoint\",\"urlTemplate\":\"https:\/\/nomadislegal.es\/?s={search_term_string}\"},\"query-input\":{\"@type\":\"PropertyValueSpecification\",\"valueRequired\":true,\"valueName\":\"search_term_string\"}}],\"inLanguage\":\"en-GB\"},{\"@type\":\"Organization\",\"@id\":\"https:\/\/nomadislegal.es\/#organization\",\"name\":\"Nomadis\",\"url\":\"https:\/\/nomadislegal.es\/\",\"logo\":{\"@type\":\"ImageObject\",\"inLanguage\":\"en-GB\",\"@id\":\"https:\/\/nomadislegal.es\/#\/schema\/logo\/image\/\",\"url\":\"https:\/\/nomadislegal.es\/wp-content\/uploads\/2026\/01\/LogoAlternativoHorizontal_Nomadis_azul_out-1.svg\",\"contentUrl\":\"https:\/\/nomadislegal.es\/wp-content\/uploads\/2026\/01\/LogoAlternativoHorizontal_Nomadis_azul_out-1.svg\",\"width\":358,\"height\":96,\"caption\":\"Nomadis\"},\"image\":{\"@id\":\"https:\/\/nomadislegal.es\/#\/schema\/logo\/image\/\"}}]}<\/script>\n<!-- \/ Yoast SEO plugin. -->","yoast_head_json":{"title":"T\u00e9rminos y Condiciones - Nomadis","robots":{"index":"index","follow":"follow","max-snippet":"max-snippet:-1","max-image-preview":"max-image-preview:large","max-video-preview":"max-video-preview:-1"},"canonical":"https:\/\/nomadislegal.es\/en\/terminos-y-condiciones-7\/","og_locale":"en_GB","og_type":"article","og_title":"T\u00e9rminos y Condiciones - Nomadis","og_description":"&nbsp; T\u00e9rminos y Condiciones Bienvenido a Nomadis Legal SLP. Al usar&nbsp;https:\/\/nomadislegal.es\/&nbsp;acepta los siguientes t\u00e9rminos: 1. Uso del sitio El contenido del sitio es solo para informaci\u00f3n general sobre nuestros servicios legales. Queda prohibida la reproducci\u00f3n, distribuci\u00f3n o uso del contenido con fines comerciales sin autorizaci\u00f3n. 2. Responsabilidad Nomadis Legal SLP no se responsabiliza por da\u00f1os directos o indirectos derivados del uso del sitio. La informaci\u00f3n publicada no sustituye asesoramiento legal profesional personalizado. 3. Enlaces a terceros Nuestro sitio puede contener enlaces a otros sitios web. Nomadis Legal SLP no es responsable de la pol\u00edtica de privacidad ni del contenido de sitios externos. 4. Propiedad intelectual Todo el contenido, im\u00e1genes, textos, logotipos y marcas son propiedad de Nomadis Legal SLP o de terceros con licencia. 5. Modificaciones Podemos actualizar estos t\u00e9rminos en cualquier momento. Los cambios se publicar\u00e1n en esta p\u00e1gina y entrar\u00e1n en vigor inmediatamente. 6. Legislaci\u00f3n aplicable Estos t\u00e9rminos se rigen por la legislaci\u00f3n espa\u00f1ola. Cualquier disputa ser\u00e1 sometida a los tribunales de Barcelona, Espa\u00f1a.","og_url":"https:\/\/nomadislegal.es\/en\/terminos-y-condiciones-7\/","og_site_name":"Nomadis","article_modified_time":"2026-01-27T15:05:42+00:00","twitter_card":"summary_large_image","twitter_misc":{"Estimated reading time":"1 minute"},"schema":{"@context":"https:\/\/schema.org","@graph":[{"@type":"WebPage","@id":"https:\/\/nomadislegal.es\/terminos-y-condiciones-7\/","url":"https:\/\/nomadislegal.es\/terminos-y-condiciones-7\/","name":"T\u00e9rminos y Condiciones - Nomadis","isPartOf":{"@id":"https:\/\/nomadislegal.es\/#website"},"datePublished":"2026-01-23T10:30:03+00:00","dateModified":"2026-01-27T15:05:42+00:00","breadcrumb":{"@id":"https:\/\/nomadislegal.es\/terminos-y-condiciones-7\/#breadcrumb"},"inLanguage":"en-GB","potentialAction":[{"@type":"ReadAction","target":["https:\/\/nomadislegal.es\/terminos-y-condiciones-7\/"]}]},{"@type":"BreadcrumbList","@id":"https:\/\/nomadislegal.es\/terminos-y-condiciones-7\/#breadcrumb","itemListElement":[{"@type":"ListItem","position":1,"name":"Portada","item":"https:\/\/nomadislegal.es\/"},{"@type":"ListItem","position":2,"name":"T\u00e9rminos y Condiciones"}]},{"@type":"WebSite","@id":"https:\/\/nomadislegal.es\/#website","url":"https:\/\/nomadislegal.es\/","name":"Nomadis","description":"","publisher":{"@id":"https:\/\/nomadislegal.es\/#organization"},"potentialAction":[{"@type":"SearchAction","target":{"@type":"EntryPoint","urlTemplate":"https:\/\/nomadislegal.es\/?s={search_term_string}"},"query-input":{"@type":"PropertyValueSpecification","valueRequired":true,"valueName":"search_term_string"}}],"inLanguage":"en-GB"},{"@type":"Organization","@id":"https:\/\/nomadislegal.es\/#organization","name":"Nomadis","url":"https:\/\/nomadislegal.es\/","logo":{"@type":"ImageObject","inLanguage":"en-GB","@id":"https:\/\/nomadislegal.es\/#\/schema\/logo\/image\/","url":"https:\/\/nomadislegal.es\/wp-content\/uploads\/2026\/01\/LogoAlternativoHorizontal_Nomadis_azul_out-1.svg","contentUrl":"https:\/\/nomadislegal.es\/wp-content\/uploads\/2026\/01\/LogoAlternativoHorizontal_Nomadis_azul_out-1.svg","width":358,"height":96,"caption":"Nomadis"},"image":{"@id":"https:\/\/nomadislegal.es\/#\/schema\/logo\/image\/"}}]}},"_links":{"self":[{"href":"https:\/\/nomadislegal.es\/en\/wp-json\/wp\/v2\/pages\/2309","targetHints":{"allow":["GET"]}}],"collection":[{"href":"https:\/\/nomadislegal.es\/en\/wp-json\/wp\/v2\/pages"}],"about":[{"href":"https:\/\/nomadislegal.es\/en\/wp-json\/wp\/v2\/types\/page"}],"author":[{"embeddable":true,"href":"https:\/\/nomadislegal.es\/en\/wp-json\/wp\/v2\/users\/2"}],"replies":[{"embeddable":true,"href":"https:\/\/nomadislegal.es\/en\/wp-json\/wp\/v2\/comments?post=2309"}],"version-history":[{"count":3,"href":"https:\/\/nomadislegal.es\/en\/wp-json\/wp\/v2\/pages\/2309\/revisions"}],"predecessor-version":[{"id":2587,"href":"https:\/\/nomadislegal.es\/en\/wp-json\/wp\/v2\/pages\/2309\/revisions\/2587"}],"wp:attachment":[{"href":"https:\/\/nomadislegal.es\/en\/wp-json\/wp\/v2\/media?parent=2309"}],"curies":[{"name":"wp","href":"https:\/\/api.w.org\/{rel}","templated":true}]}}